{"id":23881,"date":"2024-07-17T07:16:42","date_gmt":"2024-07-17T07:16:42","guid":{"rendered":"https:\/\/smdhomepage.wpenginepowered.com\/?page_id=23881"},"modified":"2025-04-14T03:42:01","modified_gmt":"2025-04-14T03:42:01","slug":"our-leader-board","status":"publish","type":"page","link":"https:\/\/smartdev.com\/de\/our-leadership-team\/","title":{"rendered":"Unser F\u00fchrungsteam"},"content":{"rendered":"<div id=\"fws_69df554f08003\"  data-column-margin=\"default\" data-midnight=\"light\" data-top-percent=\"6%\" data-bottom-percent=\"6%\"  class=\"wpb_row vc_row-fluid vc_row full-width-section parallax_section\"  style=\"padding-top: calc(100vw * 0.06); padding-bottom: calc(100vw * 0.06); \"><div class=\"row-bg-wrap\" data-bg-animation=\"none\" data-bg-animation-delay=\"\" data-bg-overlay=\"false\"><div class=\"inner-wrap row-bg-layer\" ><div class=\"row-bg viewport-desktop using-bg-color\" data-parallax-speed=\"fast\" style=\"background-color: #ffffff; \"><\/div><\/div><\/div><div class=\"row_col_wrap_12 col span_12 light left\">\n\t<div  class=\"vc_col-sm-12 wpb_column column_container vc_column_container col no-extra-padding inherit_tablet inherit_phone\"  data-padding-pos=\"all\" data-has-bg-color=\"false\" data-bg-color=\"\" data-bg-opacity=\"1\" data-animation=\"\" data-delay=\"0\" >\n\t\t<div class=\"vc_column-inner\" >\n\t\t\t<div class=\"wpb_wrapper\">\n\t\t\t\t<div id=\"fws_69df554f0826f\" data-midnight=\"\" data-column-margin=\"default\" class=\"wpb_row vc_row-fluid vc_row inner_row  right_padding_8pct left_padding_8pct right_padding_tablet_4pct right_padding_phone_0px left_padding_tablet_4pct left_padding_phone_0px\"  style=\"\"><div class=\"row-bg-wrap\"> <div class=\"row-bg\" ><\/div> <\/div><div class=\"row_col_wrap_12_inner col span_12  left\">\n\t<div  class=\"vc_col-sm-12 wpb_column column_container vc_column_container col child_column centered-text padding-4-percent inherit_tablet inherit_phone\"   data-padding-pos=\"left-right\" data-has-bg-color=\"false\" data-bg-color=\"\" data-bg-opacity=\"1\" data-animation=\"\" data-delay=\"0\" >\n\t\t<div class=\"vc_column-inner\" >\n\t\t<div class=\"wpb_wrapper\">\n\t\t\t<h5 style=\"color: #000000;text-align: center\" class=\"vc_custom_heading vc_do_custom_heading\" >Unser F\u00fchrungsteam<\/h5><h3 style=\"color: #000000;text-align: center\" class=\"vc_custom_heading vc_do_custom_heading\" >Lernen Sie das engagierte Team kennen, das unsere Organisation leitet. Unser F\u00fchrungsteam konzentriert sich auf die F\u00f6rderung von Wachstum und Zusammenarbeit<\/h3>\n\t\t<\/div> \n\t<\/div>\n\t<\/div> \n<\/div><\/div><div id=\"fws_69df554f084ea\" data-midnight=\"\" data-column-margin=\"20px\" class=\"wpb_row vc_row-fluid vc_row inner_row\"  style=\"\"><div class=\"row-bg-wrap\"> <div class=\"row-bg\" ><\/div> <\/div><div class=\"row_col_wrap_12_inner col span_12  left\">\n\t<div  class=\"vc_col-sm-3 about-team-bg wpb_column column_container vc_column_container col child_column has-animation no-extra-padding inherit_tablet inherit_phone\"   data-padding-pos=\"all\" data-has-bg-color=\"false\" data-bg-color=\"\" data-bg-opacity=\"1\" data-animation=\"fade-in-from-bottom\" data-delay=\"0\" >\n\t\t<div class=\"vc_column-inner\" >\n\t\t<div class=\"wpb_wrapper\">\n\t\t\t<div class=\"nectar-fancy-box using-img  vc_custom_1729738327303 hover_color_000033\" style=\"min-height: 832px\" data-style=\"hover_desc\" data-border-radius=\"10px\" data-animation=\"\" data-bg-animation=\"long_zoom\" data-border=\"\" data-delay=\"\" data-alignment=\"center\" data-color=\"accent-color\" ><div class=\"box-bg\" role=\"presentation\"  data-nectar-img-src=\"https:\/\/smartdev.com\/wp-content\/uploads\/2024\/07\/Luan.png\"><\/div><div class=\"inner\"><div class=\"heading-wrap\">\n<h5>Luan Nguyen<\/h5>\n<p>Finanzvorstand<\/div><div class=\"hover-content\">Luan bringt \u00fcber 14 Jahre Erfahrung in Buchhaltung und Finanzen in vielen verschiedenen Branchen, darunter Bankwesen, Fertigung, Handel und internationale Bildungsdienste, zu SmartDev mit. W\u00e4hrend ihrer Karriere hatte Luan viele wichtige Positionen in multinationalen Unternehmen inne und brachte in Wachstums- und Erholungsphasen viele innovative Ideen in Unternehmen ein.<\/div><\/div>   <\/div>\n\t\t<\/div> \n\t<\/div>\n\t<\/div> \n\n\t<div  class=\"vc_col-sm-3 about-team-bg wpb_column column_container vc_column_container col child_column has-animation no-extra-padding inherit_tablet inherit_phone\"   data-padding-pos=\"all\" data-has-bg-color=\"false\" data-bg-color=\"\" data-bg-opacity=\"1\" data-animation=\"fade-in-from-bottom\" data-delay=\"100\" >\n\t\t<div class=\"vc_column-inner\" >\n\t\t<div class=\"wpb_wrapper\">\n\t\t\t<div class=\"nectar-fancy-box using-img  vc_custom_1729585911832 hover_color_000033\" style=\"min-height: 832px\" data-style=\"hover_desc\" data-border-radius=\"10px\" data-animation=\"\" data-bg-animation=\"long_zoom\" data-border=\"\" data-delay=\"\" data-alignment=\"center\" data-color=\"accent-color\" ><div class=\"box-bg\" role=\"presentation\"  data-nectar-img-src=\"https:\/\/smartdev.com\/wp-content\/uploads\/2024\/07\/NguyenLe.png\"><\/div><div class=\"inner\"><div class=\"heading-wrap\">\n<h5>Nguyen Le<\/h5>\n<p>Gesch\u00e4ftsf\u00fchrer<\/div><div class=\"hover-content\">Nguyen Le verf\u00fcgt \u00fcber 14 Jahre Erfahrung in der Softwareentwicklung. Er ist ein erfahrener Agile-Coach mit einer starken Erfolgsbilanz in der Outsourcing-\/Offshoring-Branche. Nguyen ist ein ausgebildeter Ingenieur mit einem Bachelor of Applied Science (BASc) mit Schwerpunkt IT von der RMIT University. Nguyen hat seine F\u00e4higkeiten in einer Reihe europ\u00e4ischer, amerikanischer und japanischer Firmen in Vietnam verfeinert.<\/div><\/div>   <\/div>\n\t\t<\/div> \n\t<\/div>\n\t<\/div> \n\n\t<div  class=\"vc_col-sm-3 about-team-bg wpb_column column_container vc_column_container col child_column has-animation no-extra-padding inherit_tablet inherit_phone\"   data-padding-pos=\"all\" data-has-bg-color=\"false\" data-bg-color=\"\" data-bg-opacity=\"1\" data-animation=\"fade-in-from-bottom\" data-delay=\"200\" >\n\t\t<div class=\"vc_column-inner\" >\n\t\t<div class=\"wpb_wrapper\">\n\t\t\t<div class=\"nectar-fancy-box using-img  vc_custom_1742803232518 hover_color_000033\" style=\"min-height: 832px\" data-style=\"hover_desc\" data-border-radius=\"10px\" data-animation=\"\" data-bg-animation=\"long_zoom\" data-border=\"\" data-delay=\"\" data-alignment=\"center\" data-color=\"accent-color\" ><div class=\"box-bg\" role=\"presentation\"  data-nectar-img-src=\"https:\/\/smartdev.com\/wp-content\/uploads\/2025\/03\/Trang-Hoang-SMD.png\"><\/div><div class=\"inner\"><div class=\"heading-wrap\">\n<h5>Trang Hoang<\/h5>\n<p>Personalleiter<\/div><div class=\"hover-content\">Trang Hoang ist HR-Expertin mit \u00fcber 10 Jahren Erfahrung im Bereich Total Rewards und Personalmanagement. Sie ist Experte f\u00fcr die Entwicklung von Belohnungssystemen, die die Motivation steigern und mit den Unternehmenszielen in Einklang stehen. Mit ihren Kenntnissen in den Bereichen Verg\u00fctung, Sozialleistungen und Engagement f\u00fchlt sich Trang in dynamischen Umgebungen wohl und begegnet Herausforderungen mit ergebnisorientierter und strategischer Denkweise.<\/div><\/div>   <\/div>\n\t\t<\/div> \n\t<\/div>\n\t<\/div> \n\n\t<div  class=\"vc_col-sm-3 about-team-bg wpb_column column_container vc_column_container col child_column has-animation no-extra-padding inherit_tablet inherit_phone\"   data-padding-pos=\"all\" data-has-bg-color=\"false\" data-bg-color=\"\" data-bg-opacity=\"1\" data-animation=\"fade-in-from-bottom\" data-delay=\"300\" >\n\t\t<div class=\"vc_column-inner\" >\n\t\t<div class=\"wpb_wrapper\">\n\t\t\t<div class=\"nectar-fancy-box using-img  vc_custom_1729739737374 hover_color_000033\" style=\"min-height: 832px\" data-style=\"hover_desc\" data-border-radius=\"10px\" data-animation=\"\" data-bg-animation=\"long_zoom\" data-border=\"\" data-delay=\"\" data-alignment=\"center\" data-color=\"accent-color\" ><div class=\"box-bg\" role=\"presentation\"  data-nectar-img-src=\"https:\/\/smartdev.com\/wp-content\/uploads\/2024\/10\/Chi-Ha-Final.png\"><\/div><div class=\"inner\"><div class=\"heading-wrap\">\n<h5>Nguyen Ngoc<\/h5>\n<p>Leiter Marketing<\/div><div class=\"hover-content\">Ha Nguyen ist eine \u00e4u\u00dferst versierte Marketingfachfrau mit \u00fcber 10 Jahren Erfahrung in der globalen Technologiebranche. Derzeit ist sie Marketingmanagerin bei SmartDev, wo sie ihre umfassende Expertise in B2B-Marketing, Branding, Content-Marketing und Agile-Praktiken einsetzt, um Wachstum und Erfolg des Unternehmens voranzutreiben.<\/div><\/div>   <\/div>\n\t\t<\/div> \n\t<\/div>\n\t<\/div> \n<\/div><\/div>\n\t\t\t<\/div> \n\t\t<\/div>\n\t<\/div> \n<\/div><\/div>\n\t\t<div id=\"intro\"  data-column-margin=\"default\" data-midnight=\"light\" data-top-percent=\"4%\" data-bottom-percent=\"4%\"  class=\"wpb_row vc_row-fluid vc_row full-width-section has-row-bg-color row-bg-border-top top_padding_phone_20pct bottom_padding_phone_20pct\"  style=\"padding-top: calc(100vw * 0.04); padding-bottom: calc(100vw * 0.04); --row-bg-color: #0049b2;\"><div class=\"row-bg-wrap\" data-bg-animation=\"none\" data-bg-animation-delay=\"\" data-bg-overlay=\"false\"><div class=\"inner-wrap row-bg-layer\" ><div class=\"row-bg viewport-desktop using-bg-color\"  style=\"background-color: #0049b2; \"><\/div><\/div><\/div><div class=\"row_col_wrap_12 col span_12 light left\">\n\t<div  class=\"vc_col-sm-12 wpb_column column_container vc_column_container col centered-text padding-6-percent right_margin_phone_0px left_margin_phone_0px inherit_tablet no-extra-padding_phone\"  data-padding-pos=\"all\" data-has-bg-color=\"false\" data-bg-color=\"\" data-bg-opacity=\"1\" data-animation=\"\" data-delay=\"0\" >\n\t\t<div class=\"vc_column-inner\" >\n\t\t\t<div class=\"wpb_wrapper\">\n\t\t\t\t<div id=\"fws_69df554f09c26\" data-midnight=\"\" data-column-margin=\"default\" class=\"wpb_row vc_row-fluid vc_row inner_row  right_padding_18pct left_padding_18pct right_padding_tablet_6pct right_padding_phone_0px left_padding_tablet_6pct left_padding_phone_0px\"  style=\"\"><div class=\"row-bg-wrap\"> <div class=\"row-bg\" ><\/div> <\/div><div class=\"row_col_wrap_12_inner col span_12  left\">\n\t<div  class=\"vc_col-sm-12 wpb_column column_container vc_column_container col child_column has-animation no-extra-padding inherit_tablet inherit_phone\"   data-padding-pos=\"all\" data-has-bg-color=\"false\" data-bg-color=\"\" data-bg-opacity=\"1\" data-animation=\"fade-in-from-bottom\" data-delay=\"0\" >\n\t\t<div class=\"vc_column-inner\" >\n\t\t<div class=\"wpb_wrapper\">\n\t\t\t<h4 style=\"color: #e5f4ff;text-align: center\" class=\"vc_custom_heading vc_do_custom_heading\" >Abonnieren Sie unseren Newsletter<\/h4><h6 style=\"color: #e5f4ff;text-align: center\" class=\"vc_custom_heading vc_do_custom_heading\" >Bleiben Sie mit SmartDev in der Technologiewelt vorne! Abonnieren Sie unseren Newsletter f\u00fcr die neuesten IT-Nachrichten, Updates und Einblicke.<\/h6>\n\t\t<\/div> \n\t<\/div>\n\t<\/div> \n<\/div><\/div><div id=\"fws_69df554f09f13\" data-midnight=\"\" data-column-margin=\"default\" class=\"wpb_row vc_row-fluid vc_row inner_row  right_padding_30pct left_padding_30pct right_padding_tablet_24pct right_padding_phone_0pct left_padding_tablet_24pct left_padding_phone_0pct\"  style=\"\"><div class=\"row-bg-wrap\"> <div class=\"row-bg\" ><\/div> <\/div><div class=\"row_col_wrap_12_inner col span_12  left\">\n\t<div style=\"margin-top: 0%; margin-bottom: 0%; \" class=\"vc_col-sm-12 ctf_subscribe_section wpb_column column_container vc_column_container col child_column has-animation no-extra-padding inherit_tablet inherit_phone\"   data-padding-pos=\"all\" data-has-bg-color=\"false\" data-bg-color=\"\" data-bg-opacity=\"1\" data-animation=\"fade-in-from-bottom\" data-delay=\"0\" >\n\t\t<div class=\"vc_column-inner\" >\n\t\t<div class=\"wpb_wrapper\">\n\t\t\t\n<div class=\"wpcf7 no-js\" id=\"wpcf7-f24863-o1\" lang=\"en-GB\" dir=\"ltr\" data-wpcf7-id=\"24863\">\n<div class=\"screen-reader-response\"><p role=\"status\" aria-live=\"polite\" aria-atomic=\"true\"><\/p> <ul><\/ul><\/div>\n<form action=\"\/de\/wp-json\/wp\/v2\/pages\/23881#wpcf7-f24863-o1\" method=\"post\" class=\"wpcf7-form init\" aria-label=\"Kontaktformular\" novalidate=\"novalidate\" data-status=\"init\" data-trp-original-action=\"\/de\/wp-json\/wp\/v2\/pages\/23881#wpcf7-f24863-o1\">\n<fieldset class=\"hidden-fields-container\"><input type=\"hidden\" name=\"_wpcf7\" value=\"24863\" \/><input type=\"hidden\" name=\"_wpcf7_version\" value=\"6.1.5\" \/><input type=\"hidden\" name=\"_wpcf7_locale\" value=\"en_GB\" \/><input type=\"hidden\" name=\"_wpcf7_unit_tag\" value=\"wpcf7-f24863-o1\" \/><input type=\"hidden\" name=\"_wpcf7_container_post\" value=\"0\" \/><input type=\"hidden\" name=\"_wpcf7_posted_data_hash\" value=\"\" \/>\n<\/fieldset>\n<div class=\"subscribe-form d-flex\">\n\t<lable class=\"email-input\">\n\t\t<p><span class=\"wpcf7-form-control-wrap\" data-name=\"your-email\"><input size=\"40\" maxlength=\"400\" class=\"wpcf7-form-control wpcf7-email wpcf7-validates-as-required wpcf7-text wpcf7-validates-as-email\" aria-required=\"true\" aria-invalid=\"false\" placeholder=\"Geben Sie Ihre E-Mail ein\" value=\"\" type=\"email\" name=\"your-email\" \/><\/span>\n\t\t<\/p>\n\t<\/lable>\n\t<lable class=\"btn-submit\">\n\t\t<p><button class=\"nectar-button large regular accent-color regular-button\" style=\"visibility: visible;\" href=\"#\" data-color-override=\"false\" data-hover-color-override=\"false\" data-hover-text-color-override=\"#fff\" type=\"submit\"><span>Schicken<\/span><\/button>\n\t\t<\/p>\n\t<\/lable>\n<\/div><div class=\"wpcf7-response-output\" aria-hidden=\"true\"><\/div>\n<input type=\"hidden\" name=\"trp-form-language\" value=\"de\"\/><\/form>\n<\/div>\n\n\t\t<\/div> \n\t<\/div>\n\t<\/div> \n<\/div><\/div>\n\t\t\t<\/div> \n\t\t<\/div>\n\t<\/div> \n<\/div><\/div>","protected":false},"excerpt":{"rendered":"Our Leadership TeamGet to know the dedicated team leading our organization. Our leadership is focused...","protected":false},"author":12,"featured_media":0,"parent":0,"menu_order":0,"comment_status":"closed","ping_status":"closed","template":"","meta":{"inline_featured_image":false,"footnotes":""},"class_list":["post-23881","page","type-page","status-publish"],"acf":[],"yoast_head":"<!-- This site is optimized with the Yoast SEO plugin v27.4 - https:\/\/yoast.com\/product\/yoast-seo-wordpress\/ -->\n<title>Our Leadership Team | SmartDev<\/title>\n<meta name=\"description\" content=\"Meet the dedicated leaders driving SmartDev\u2019s growth and innovation. Our leadership team is committed to fostering collaboration and success. Learn more about them today!\" \/>\n<meta name=\"robots\" content=\"index, follow, max-snippet:-1, max-image-preview:large, max-video-preview:-1\" \/>\n<link rel=\"canonical\" href=\"https:\/\/smartdev.com\/de\/our-leadership-team\/\" \/>\n<meta property=\"og:locale\" content=\"de_DE\" \/>\n<meta property=\"og:type\" content=\"article\" \/>\n<meta property=\"og:title\" content=\"Our Leadership Team | SmartDev\" \/>\n<meta property=\"og:description\" content=\"Meet the dedicated leaders driving SmartDev\u2019s growth and innovation. Our leadership team is committed to fostering collaboration and success. Learn more about them today!\" \/>\n<meta property=\"og:url\" content=\"https:\/\/smartdev.com\/de\/our-leadership-team\/\" \/>\n<meta property=\"og:site_name\" content=\"SmartDev\" \/>\n<meta property=\"article:publisher\" content=\"https:\/\/www.youtube.com\/@smartdevllc\" \/>\n<meta property=\"article:modified_time\" content=\"2025-04-14T03:42:01+00:00\" \/>\n<meta property=\"og:image\" content=\"https:\/\/smartdev.com\/wp-content\/uploads\/2025\/04\/SMD-Logo-New-Main-scaled.png\" \/>\n\t<meta property=\"og:image:width\" content=\"2560\" \/>\n\t<meta property=\"og:image:height\" content=\"550\" \/>\n\t<meta property=\"og:image:type\" content=\"image\/png\" \/>\n<meta name=\"twitter:card\" content=\"summary_large_image\" \/>\n<meta name=\"twitter:site\" content=\"@smartdevllc\" \/>\n<meta name=\"twitter:label1\" content=\"Gesch\u00e4tzte Lesezeit\" \/>\n\t<meta name=\"twitter:data1\" content=\"4\u00a0Minuten\" \/>\n<script type=\"application\/ld+json\" class=\"yoast-schema-graph\">{\"@context\":\"https:\\\/\\\/schema.org\",\"@graph\":[{\"@type\":\"WebPage\",\"@id\":\"https:\\\/\\\/smartdev.com\\\/de\\\/our-leadership-team\\\/\",\"url\":\"https:\\\/\\\/smartdev.com\\\/de\\\/our-leadership-team\\\/\",\"name\":\"Our Leadership Team | SmartDev\",\"isPartOf\":{\"@id\":\"https:\\\/\\\/smartdev.com\\\/de\\\/#website\"},\"datePublished\":\"2024-07-17T07:16:42+00:00\",\"dateModified\":\"2025-04-14T03:42:01+00:00\",\"description\":\"Meet the dedicated leaders driving SmartDev\u2019s growth and innovation. Our leadership team is committed to fostering collaboration and success. Learn more about them today!\",\"breadcrumb\":{\"@id\":\"https:\\\/\\\/smartdev.com\\\/de\\\/our-leadership-team\\\/#breadcrumb\"},\"inLanguage\":\"de\",\"potentialAction\":[{\"@type\":\"ReadAction\",\"target\":[\"https:\\\/\\\/smartdev.com\\\/de\\\/our-leadership-team\\\/\"]}]},{\"@type\":\"BreadcrumbList\",\"@id\":\"https:\\\/\\\/smartdev.com\\\/de\\\/our-leadership-team\\\/#breadcrumb\",\"itemListElement\":[{\"@type\":\"ListItem\",\"position\":1,\"name\":\"Home\",\"item\":\"https:\\\/\\\/smartdev.com\\\/\"},{\"@type\":\"ListItem\",\"position\":2,\"name\":\"Our Leadership Team\"}]},{\"@type\":\"WebSite\",\"@id\":\"https:\\\/\\\/smartdev.com\\\/de\\\/#website\",\"url\":\"https:\\\/\\\/smartdev.com\\\/de\\\/\",\"name\":\"SmartDev\",\"description\":\"Al Powered Software Development\",\"publisher\":{\"@id\":\"https:\\\/\\\/smartdev.com\\\/de\\\/#organization\"},\"alternateName\":\"SmartDev\",\"potentialAction\":[{\"@type\":\"SearchAction\",\"target\":{\"@type\":\"EntryPoint\",\"urlTemplate\":\"https:\\\/\\\/smartdev.com\\\/de\\\/?s={search_term_string}\"},\"query-input\":{\"@type\":\"PropertyValueSpecification\",\"valueRequired\":true,\"valueName\":\"search_term_string\"}}],\"inLanguage\":\"de\"},{\"@type\":\"Organization\",\"@id\":\"https:\\\/\\\/smartdev.com\\\/de\\\/#organization\",\"name\":\"SmartDev\",\"alternateName\":\"SmartDev\",\"url\":\"https:\\\/\\\/smartdev.com\\\/de\\\/\",\"logo\":{\"@type\":\"ImageObject\",\"inLanguage\":\"de\",\"@id\":\"https:\\\/\\\/smartdev.com\\\/de\\\/#\\\/schema\\\/logo\\\/image\\\/\",\"url\":\"https:\\\/\\\/smartdev.com\\\/wp-content\\\/uploads\\\/2025\\\/04\\\/SMD-Logo-New-Main-scaled.png\",\"contentUrl\":\"https:\\\/\\\/smartdev.com\\\/wp-content\\\/uploads\\\/2025\\\/04\\\/SMD-Logo-New-Main-scaled.png\",\"width\":2560,\"height\":550,\"caption\":\"SmartDev\"},\"image\":{\"@id\":\"https:\\\/\\\/smartdev.com\\\/de\\\/#\\\/schema\\\/logo\\\/image\\\/\"},\"sameAs\":[\"https:\\\/\\\/www.youtube.com\\\/@smartdevllc\",\"https:\\\/\\\/x.com\\\/smartdevllc\",\"https:\\\/\\\/www.linkedin.com\\\/company\\\/4873071\\\/\"]}]}<\/script>\n<!-- \/ Yoast SEO plugin. -->","yoast_head_json":{"title":"Unser F\u00fchrungsteam | SmartDev","description":"Lernen Sie die engagierten F\u00fchrungskr\u00e4fte kennen, die das Wachstum und die Innovation von SmartDev vorantreiben. Unser F\u00fchrungsteam setzt sich f\u00fcr Zusammenarbeit und Erfolg ein. Erfahren Sie noch heute mehr \u00fcber sie!","robots":{"index":"index","follow":"follow","max-snippet":"max-snippet:-1","max-image-preview":"max-image-preview:large","max-video-preview":"max-video-preview:-1"},"canonical":"https:\/\/smartdev.com\/de\/our-leadership-team\/","og_locale":"de_DE","og_type":"article","og_title":"Our Leadership Team | SmartDev","og_description":"Meet the dedicated leaders driving SmartDev\u2019s growth and innovation. Our leadership team is committed to fostering collaboration and success. Learn more about them today!","og_url":"https:\/\/smartdev.com\/de\/our-leadership-team\/","og_site_name":"SmartDev","article_publisher":"https:\/\/www.youtube.com\/@smartdevllc","article_modified_time":"2025-04-14T03:42:01+00:00","og_image":[{"width":2560,"height":550,"url":"https:\/\/smartdev.com\/wp-content\/uploads\/2025\/04\/SMD-Logo-New-Main-scaled.png","type":"image\/png"}],"twitter_card":"summary_large_image","twitter_site":"@smartdevllc","twitter_misc":{"Gesch\u00e4tzte Lesezeit":"4\u00a0Minuten"},"schema":{"@context":"https:\/\/schema.org","@graph":[{"@type":"WebPage","@id":"https:\/\/smartdev.com\/de\/our-leadership-team\/","url":"https:\/\/smartdev.com\/de\/our-leadership-team\/","name":"Unser F\u00fchrungsteam | SmartDev","isPartOf":{"@id":"https:\/\/smartdev.com\/de\/#website"},"datePublished":"2024-07-17T07:16:42+00:00","dateModified":"2025-04-14T03:42:01+00:00","description":"Lernen Sie die engagierten F\u00fchrungskr\u00e4fte kennen, die das Wachstum und die Innovation von SmartDev vorantreiben. Unser F\u00fchrungsteam setzt sich f\u00fcr Zusammenarbeit und Erfolg ein. Erfahren Sie noch heute mehr \u00fcber sie!","breadcrumb":{"@id":"https:\/\/smartdev.com\/de\/our-leadership-team\/#breadcrumb"},"inLanguage":"de","potentialAction":[{"@type":"ReadAction","target":["https:\/\/smartdev.com\/de\/our-leadership-team\/"]}]},{"@type":"BreadcrumbList","@id":"https:\/\/smartdev.com\/de\/our-leadership-team\/#breadcrumb","itemListElement":[{"@type":"ListItem","position":1,"name":"Home","item":"https:\/\/smartdev.com\/"},{"@type":"ListItem","position":2,"name":"Our Leadership Team"}]},{"@type":"WebSite","@id":"https:\/\/smartdev.com\/de\/#website","url":"https:\/\/smartdev.com\/de\/","name":"SmartDev","description":"KI-gest\u00fctzte Softwareentwicklung","publisher":{"@id":"https:\/\/smartdev.com\/de\/#organization"},"alternateName":"SmartDev","potentialAction":[{"@type":"SearchAction","target":{"@type":"EntryPoint","urlTemplate":"https:\/\/smartdev.com\/de\/?s={search_term_string}"},"query-input":{"@type":"PropertyValueSpecification","valueRequired":true,"valueName":"search_term_string"}}],"inLanguage":"de"},{"@type":"Organization","@id":"https:\/\/smartdev.com\/de\/#organization","name":"SmartDev","alternateName":"SmartDev","url":"https:\/\/smartdev.com\/de\/","logo":{"@type":"ImageObject","inLanguage":"de","@id":"https:\/\/smartdev.com\/de\/#\/schema\/logo\/image\/","url":"https:\/\/smartdev.com\/wp-content\/uploads\/2025\/04\/SMD-Logo-New-Main-scaled.png","contentUrl":"https:\/\/smartdev.com\/wp-content\/uploads\/2025\/04\/SMD-Logo-New-Main-scaled.png","width":2560,"height":550,"caption":"SmartDev"},"image":{"@id":"https:\/\/smartdev.com\/de\/#\/schema\/logo\/image\/"},"sameAs":["https:\/\/www.youtube.com\/@smartdevllc","https:\/\/x.com\/smartdevllc","https:\/\/www.linkedin.com\/company\/4873071\/"]}]}},"_links":{"self":[{"href":"https:\/\/smartdev.com\/de\/wp-json\/wp\/v2\/pages\/23881","targetHints":{"allow":["GET"]}}],"collection":[{"href":"https:\/\/smartdev.com\/de\/wp-json\/wp\/v2\/pages"}],"about":[{"href":"https:\/\/smartdev.com\/de\/wp-json\/wp\/v2\/types\/page"}],"author":[{"embeddable":true,"href":"https:\/\/smartdev.com\/de\/wp-json\/wp\/v2\/users\/12"}],"replies":[{"embeddable":true,"href":"https:\/\/smartdev.com\/de\/wp-json\/wp\/v2\/comments?post=23881"}],"version-history":[{"count":0,"href":"https:\/\/smartdev.com\/de\/wp-json\/wp\/v2\/pages\/23881\/revisions"}],"wp:attachment":[{"href":"https:\/\/smartdev.com\/de\/wp-json\/wp\/v2\/media?parent=23881"}],"curies":[{"name":"wp","href":"https:\/\/api.w.org\/{rel}","templated":true}]}}