{"id":23881,"date":"2024-07-17T07:16:42","date_gmt":"2024-07-17T07:16:42","guid":{"rendered":"https:\/\/smdhomepage.wpenginepowered.com\/?page_id=23881"},"modified":"2025-04-14T03:42:01","modified_gmt":"2025-04-14T03:42:01","slug":"our-leader-board","status":"publish","type":"page","link":"https:\/\/smartdev.com\/fr\/our-leadership-team\/","title":{"rendered":"Notre \u00e9quipe de direction"},"content":{"rendered":"<div id=\"fws_69ec35bfde073\"  data-column-margin=\"default\" data-midnight=\"light\" data-top-percent=\"6%\" data-bottom-percent=\"6%\"  class=\"wpb_row vc_row-fluid vc_row full-width-section parallax_section\"  style=\"padding-top: calc(100vw * 0.06); padding-bottom: calc(100vw * 0.06); \"><div class=\"row-bg-wrap\" data-bg-animation=\"none\" data-bg-animation-delay=\"\" data-bg-overlay=\"false\"><div class=\"inner-wrap row-bg-layer\" ><div class=\"row-bg viewport-desktop using-bg-color\" data-parallax-speed=\"fast\" style=\"background-color: #ffffff; \"><\/div><\/div><\/div><div class=\"row_col_wrap_12 col span_12 light left\">\n\t<div  class=\"vc_col-sm-12 wpb_column column_container vc_column_container col no-extra-padding inherit_tablet inherit_phone\"  data-padding-pos=\"all\" data-has-bg-color=\"false\" data-bg-color=\"\" data-bg-opacity=\"1\" data-animation=\"\" data-delay=\"0\" >\n\t\t<div class=\"vc_column-inner\" >\n\t\t\t<div class=\"wpb_wrapper\">\n\t\t\t\t<div id=\"fws_69ec35bfde390\" data-midnight=\"\" data-column-margin=\"default\" class=\"wpb_row vc_row-fluid vc_row inner_row  right_padding_8pct left_padding_8pct right_padding_tablet_4pct right_padding_phone_0px left_padding_tablet_4pct left_padding_phone_0px\"  style=\"\"><div class=\"row-bg-wrap\"> <div class=\"row-bg\" ><\/div> <\/div><div class=\"row_col_wrap_12_inner col span_12  left\">\n\t<div  class=\"vc_col-sm-12 wpb_column column_container vc_column_container col child_column centered-text padding-4-percent inherit_tablet inherit_phone\"   data-padding-pos=\"left-right\" data-has-bg-color=\"false\" data-bg-color=\"\" data-bg-opacity=\"1\" data-animation=\"\" data-delay=\"0\" >\n\t\t<div class=\"vc_column-inner\" >\n\t\t<div class=\"wpb_wrapper\">\n\t\t\t<h5 style=\"color: #000000;text-align: center\" class=\"vc_custom_heading vc_do_custom_heading\" >Notre \u00e9quipe de direction<\/h5><h3 style=\"color: #000000;text-align: center\" class=\"vc_custom_heading vc_do_custom_heading\" >D\u00e9couvrez l&#039;\u00e9quipe d\u00e9vou\u00e9e qui dirige notre organisation. Notre direction est ax\u00e9e sur la croissance et la collaboration<\/h3>\n\t\t<\/div> \n\t<\/div>\n\t<\/div> \n<\/div><\/div><div id=\"fws_69ec35bfde77e\" data-midnight=\"\" data-column-margin=\"20px\" class=\"wpb_row vc_row-fluid vc_row inner_row\"  style=\"\"><div class=\"row-bg-wrap\"> <div class=\"row-bg\" ><\/div> <\/div><div class=\"row_col_wrap_12_inner col span_12  left\">\n\t<div  class=\"vc_col-sm-3 about-team-bg wpb_column column_container vc_column_container col child_column has-animation no-extra-padding inherit_tablet inherit_phone\"   data-padding-pos=\"all\" data-has-bg-color=\"false\" data-bg-color=\"\" data-bg-opacity=\"1\" data-animation=\"fade-in-from-bottom\" data-delay=\"0\" >\n\t\t<div class=\"vc_column-inner\" >\n\t\t<div class=\"wpb_wrapper\">\n\t\t\t<div class=\"nectar-fancy-box using-img  vc_custom_1729738327303 hover_color_000033\" style=\"min-height: 832px\" data-style=\"hover_desc\" data-border-radius=\"10px\" data-animation=\"\" data-bg-animation=\"long_zoom\" data-border=\"\" data-delay=\"\" data-alignment=\"center\" data-color=\"accent-color\" ><div class=\"box-bg\" role=\"presentation\"  data-nectar-img-src=\"https:\/\/smartdev.com\/wp-content\/uploads\/2024\/07\/Luan.png\"><\/div><div class=\"inner\"><div class=\"heading-wrap\">\n<h5>Luan Nguyen<\/h5>\n<p>Directeur financier<\/div><div class=\"hover-content\">Luan apporte \u00e0 SmartDev plus de 14 ann\u00e9es d&#039;exp\u00e9rience en comptabilit\u00e9 et en finance dans de nombreux secteurs d&#039;activit\u00e9, notamment la banque, la fabrication, le commerce et les services d&#039;\u00e9ducation internationale. Au cours de sa carri\u00e8re, Luan a occup\u00e9 de nombreux postes cl\u00e9s dans des entreprises multinationales et a \u00e9galement apport\u00e9 de nombreuses id\u00e9es innovantes aux entreprises, tant en phase de croissance que de reprise.<\/div><\/div>   <\/div>\n\t\t<\/div> \n\t<\/div>\n\t<\/div> \n\n\t<div  class=\"vc_col-sm-3 about-team-bg wpb_column column_container vc_column_container col child_column has-animation no-extra-padding inherit_tablet inherit_phone\"   data-padding-pos=\"all\" data-has-bg-color=\"false\" data-bg-color=\"\" data-bg-opacity=\"1\" data-animation=\"fade-in-from-bottom\" data-delay=\"100\" >\n\t\t<div class=\"vc_column-inner\" >\n\t\t<div class=\"wpb_wrapper\">\n\t\t\t<div class=\"nectar-fancy-box using-img  vc_custom_1729585911832 hover_color_000033\" style=\"min-height: 832px\" data-style=\"hover_desc\" data-border-radius=\"10px\" data-animation=\"\" data-bg-animation=\"long_zoom\" data-border=\"\" data-delay=\"\" data-alignment=\"center\" data-color=\"accent-color\" ><div class=\"box-bg\" role=\"presentation\"  data-nectar-img-src=\"https:\/\/smartdev.com\/wp-content\/uploads\/2024\/07\/NguyenLe.png\"><\/div><div class=\"inner\"><div class=\"heading-wrap\">\n<h5>Nguyen Le<\/h5>\n<p>Directeur des op\u00e9rations<\/div><div class=\"hover-content\">Nguyen Le a 14 ans d&#039;exp\u00e9rience dans le d\u00e9veloppement de logiciels. C&#039;est un coach Agile exp\u00e9riment\u00e9, avec une solide exp\u00e9rience dans le secteur de l&#039;externalisation\/d\u00e9localisation. Nguyen est un ing\u00e9nieur qualifi\u00e9 titulaire d&#039;une licence en sciences appliqu\u00e9es (BASc) sp\u00e9cialis\u00e9e en informatique de l&#039;universit\u00e9 RMIT. Nguyen a perfectionn\u00e9 ses comp\u00e9tences dans un certain nombre d&#039;entreprises europ\u00e9ennes, am\u00e9ricaines et japonaises travaillant au Vietnam.<\/div><\/div>   <\/div>\n\t\t<\/div> \n\t<\/div>\n\t<\/div> \n\n\t<div  class=\"vc_col-sm-3 about-team-bg wpb_column column_container vc_column_container col child_column has-animation no-extra-padding inherit_tablet inherit_phone\"   data-padding-pos=\"all\" data-has-bg-color=\"false\" data-bg-color=\"\" data-bg-opacity=\"1\" data-animation=\"fade-in-from-bottom\" data-delay=\"200\" >\n\t\t<div class=\"vc_column-inner\" >\n\t\t<div class=\"wpb_wrapper\">\n\t\t\t<div class=\"nectar-fancy-box using-img  vc_custom_1742803232518 hover_color_000033\" style=\"min-height: 832px\" data-style=\"hover_desc\" data-border-radius=\"10px\" data-animation=\"\" data-bg-animation=\"long_zoom\" data-border=\"\" data-delay=\"\" data-alignment=\"center\" data-color=\"accent-color\" ><div class=\"box-bg\" role=\"presentation\"  data-nectar-img-src=\"https:\/\/smartdev.com\/wp-content\/uploads\/2025\/03\/Trang-Hoang-SMD.png\"><\/div><div class=\"inner\"><div class=\"heading-wrap\">\n<h5>Trang Hoang<\/h5>\n<p>Chef des Ressources Humaines<\/div><div class=\"hover-content\">Trang Hoang est une professionnelle des RH avec plus de 10 ans d&#039;exp\u00e9rience en r\u00e9mun\u00e9ration globale et en gestion des RH. Elle excelle dans la conception de syst\u00e8mes de r\u00e9compense qui stimulent la motivation et s&#039;alignent sur les objectifs de l&#039;entreprise. Experte en r\u00e9mun\u00e9ration, avantages sociaux et engagement, Trang s&#039;\u00e9panouit dans des environnements dynamiques et rel\u00e8ve les d\u00e9fis avec un esprit strat\u00e9gique et ax\u00e9 sur les r\u00e9sultats.<\/div><\/div>   <\/div>\n\t\t<\/div> \n\t<\/div>\n\t<\/div> \n\n\t<div  class=\"vc_col-sm-3 about-team-bg wpb_column column_container vc_column_container col child_column has-animation no-extra-padding inherit_tablet inherit_phone\"   data-padding-pos=\"all\" data-has-bg-color=\"false\" data-bg-color=\"\" data-bg-opacity=\"1\" data-animation=\"fade-in-from-bottom\" data-delay=\"300\" >\n\t\t<div class=\"vc_column-inner\" >\n\t\t<div class=\"wpb_wrapper\">\n\t\t\t<div class=\"nectar-fancy-box using-img  vc_custom_1729739737374 hover_color_000033\" style=\"min-height: 832px\" data-style=\"hover_desc\" data-border-radius=\"10px\" data-animation=\"\" data-bg-animation=\"long_zoom\" data-border=\"\" data-delay=\"\" data-alignment=\"center\" data-color=\"accent-color\" ><div class=\"box-bg\" role=\"presentation\"  data-nectar-img-src=\"https:\/\/smartdev.com\/wp-content\/uploads\/2024\/10\/Chi-Ha-Final.png\"><\/div><div class=\"inner\"><div class=\"heading-wrap\">\n<h5>H\u00e0 Nguyen Ngoc<\/h5>\n<p>Directeur du marketing<\/div><div class=\"hover-content\">Ha Nguyen est un professionnel du marketing hautement accompli avec plus de 10 ans d&#039;exp\u00e9rience dans l&#039;industrie technologique mondiale. Elle occupe actuellement le poste de responsable marketing chez SmartDev, o\u00f9 elle applique sa vaste expertise en marketing B2B, en strat\u00e9gie de marque, en marketing de contenu et en pratiques agiles pour stimuler la croissance et le succ\u00e8s de l&#039;entreprise.<\/div><\/div>   <\/div>\n\t\t<\/div> \n\t<\/div>\n\t<\/div> \n<\/div><\/div>\n\t\t\t<\/div> \n\t\t<\/div>\n\t<\/div> \n<\/div><\/div>\n\t\t<div id=\"intro\"  data-column-margin=\"default\" data-midnight=\"light\" data-top-percent=\"4%\" data-bottom-percent=\"4%\"  class=\"wpb_row vc_row-fluid vc_row full-width-section has-row-bg-color row-bg-border-top top_padding_phone_20pct bottom_padding_phone_20pct\"  style=\"padding-top: calc(100vw * 0.04); padding-bottom: calc(100vw * 0.04); --row-bg-color: #0049b2;\"><div class=\"row-bg-wrap\" data-bg-animation=\"none\" data-bg-animation-delay=\"\" data-bg-overlay=\"false\"><div class=\"inner-wrap row-bg-layer\" ><div class=\"row-bg viewport-desktop using-bg-color\"  style=\"background-color: #0049b2; \"><\/div><\/div><\/div><div class=\"row_col_wrap_12 col span_12 light left\">\n\t<div  class=\"vc_col-sm-12 wpb_column column_container vc_column_container col centered-text padding-6-percent right_margin_phone_0px left_margin_phone_0px inherit_tablet no-extra-padding_phone\"  data-padding-pos=\"all\" data-has-bg-color=\"false\" data-bg-color=\"\" data-bg-opacity=\"1\" data-animation=\"\" data-delay=\"0\" >\n\t\t<div class=\"vc_column-inner\" >\n\t\t\t<div class=\"wpb_wrapper\">\n\t\t\t\t<div id=\"fws_69ec35bfdf564\" data-midnight=\"\" data-column-margin=\"default\" class=\"wpb_row vc_row-fluid vc_row inner_row  right_padding_18pct left_padding_18pct right_padding_tablet_6pct right_padding_phone_0px left_padding_tablet_6pct left_padding_phone_0px\"  style=\"\"><div class=\"row-bg-wrap\"> <div class=\"row-bg\" ><\/div> <\/div><div class=\"row_col_wrap_12_inner col span_12  left\">\n\t<div  class=\"vc_col-sm-12 wpb_column column_container vc_column_container col child_column has-animation no-extra-padding inherit_tablet inherit_phone\"   data-padding-pos=\"all\" data-has-bg-color=\"false\" data-bg-color=\"\" data-bg-opacity=\"1\" data-animation=\"fade-in-from-bottom\" data-delay=\"0\" >\n\t\t<div class=\"vc_column-inner\" >\n\t\t<div class=\"wpb_wrapper\">\n\t\t\t<h4 style=\"color: #e5f4ff;text-align: center\" class=\"vc_custom_heading vc_do_custom_heading\" >Abonnez-vous \u00e0 notre newsletter<\/h4><h6 style=\"color: #e5f4ff;text-align: center\" class=\"vc_custom_heading vc_do_custom_heading\" >Gardez une longueur d&#039;avance dans le monde de la technologie avec SmartDev ! Abonnez-vous \u00e0 notre newsletter pour recevoir les derni\u00e8res actualit\u00e9s, mises \u00e0 jour et informations informatiques.<\/h6>\n\t\t<\/div> \n\t<\/div>\n\t<\/div> \n<\/div><\/div><div id=\"fws_69ec35bfdf753\" data-midnight=\"\" data-column-margin=\"default\" class=\"wpb_row vc_row-fluid vc_row inner_row  right_padding_30pct left_padding_30pct right_padding_tablet_24pct right_padding_phone_0pct left_padding_tablet_24pct left_padding_phone_0pct\"  style=\"\"><div class=\"row-bg-wrap\"> <div class=\"row-bg\" ><\/div> <\/div><div class=\"row_col_wrap_12_inner col span_12  left\">\n\t<div style=\"margin-top: 0%; margin-bottom: 0%; \" class=\"vc_col-sm-12 ctf_subscribe_section wpb_column column_container vc_column_container col child_column has-animation no-extra-padding inherit_tablet inherit_phone\"   data-padding-pos=\"all\" data-has-bg-color=\"false\" data-bg-color=\"\" data-bg-opacity=\"1\" data-animation=\"fade-in-from-bottom\" data-delay=\"0\" >\n\t\t<div class=\"vc_column-inner\" >\n\t\t<div class=\"wpb_wrapper\">\n\t\t\t\n<div class=\"wpcf7 no-js\" id=\"wpcf7-f24863-o1\" lang=\"en-GB\" dir=\"ltr\" data-wpcf7-id=\"24863\">\n<div class=\"screen-reader-response\"><p role=\"status\" aria-live=\"polite\" aria-atomic=\"true\"><\/p> <ul><\/ul><\/div>\n<form action=\"\/fr\/wp-json\/wp\/v2\/pages\/23881#wpcf7-f24863-o1\" method=\"post\" class=\"wpcf7-form init\" aria-label=\"Formulaire de contact\" novalidate=\"novalidate\" data-status=\"init\" data-trp-original-action=\"\/fr\/wp-json\/wp\/v2\/pages\/23881#wpcf7-f24863-o1\">\n<fieldset class=\"hidden-fields-container\"><input type=\"hidden\" name=\"_wpcf7\" value=\"24863\" \/><input type=\"hidden\" name=\"_wpcf7_version\" value=\"6.1.5\" \/><input type=\"hidden\" name=\"_wpcf7_locale\" value=\"en_GB\" \/><input type=\"hidden\" name=\"_wpcf7_unit_tag\" value=\"wpcf7-f24863-o1\" \/><input type=\"hidden\" name=\"_wpcf7_container_post\" value=\"0\" \/><input type=\"hidden\" name=\"_wpcf7_posted_data_hash\" value=\"\" \/>\n<\/fieldset>\n<div class=\"subscribe-form d-flex\">\n\t<lable class=\"email-input\">\n\t\t<p><span class=\"wpcf7-form-control-wrap\" data-name=\"your-email\"><input size=\"40\" maxlength=\"400\" class=\"wpcf7-form-control wpcf7-email wpcf7-validates-as-required wpcf7-text wpcf7-validates-as-email\" aria-required=\"true\" aria-invalid=\"false\" placeholder=\"Entrez votre email\" value=\"\" type=\"email\" name=\"your-email\" \/><\/span>\n\t\t<\/p>\n\t<\/lable>\n\t<lable class=\"btn-submit\">\n\t\t<p><button class=\"nectar-button large regular accent-color regular-button\" style=\"visibility: visible;\" href=\"#\" data-color-override=\"false\" data-hover-color-override=\"false\" data-hover-text-color-override=\"#fff\" type=\"submit\"><span>Envoyer<\/span><\/button>\n\t\t<\/p>\n\t<\/lable>\n<\/div><div class=\"wpcf7-response-output\" aria-hidden=\"true\"><\/div>\n<input type=\"hidden\" name=\"trp-form-language\" value=\"fr\"\/><\/form>\n<\/div>\n\n\t\t<\/div> \n\t<\/div>\n\t<\/div> \n<\/div><\/div>\n\t\t\t<\/div> \n\t\t<\/div>\n\t<\/div> \n<\/div><\/div>","protected":false},"excerpt":{"rendered":"Notre \u00e9quipe de directionD\u00e9couvrez l&#039;\u00e9quipe d\u00e9vou\u00e9e qui dirige notre organisation. Notre direction est ax\u00e9e...","protected":false},"author":12,"featured_media":0,"parent":0,"menu_order":0,"comment_status":"closed","ping_status":"closed","template":"","meta":{"inline_featured_image":false,"footnotes":""},"class_list":["post-23881","page","type-page","status-publish"],"acf":[],"yoast_head":"<!-- This site is optimized with the Yoast SEO plugin v27.4 - https:\/\/yoast.com\/product\/yoast-seo-wordpress\/ -->\n<title>Our Leadership Team | SmartDev<\/title>\n<meta name=\"description\" content=\"Meet the dedicated leaders driving SmartDev\u2019s growth and innovation. Our leadership team is committed to fostering collaboration and success. Learn more about them today!\" \/>\n<meta name=\"robots\" content=\"index, follow, max-snippet:-1, max-image-preview:large, max-video-preview:-1\" \/>\n<link rel=\"canonical\" href=\"https:\/\/smartdev.com\/fr\/our-leadership-team\/\" \/>\n<meta property=\"og:locale\" content=\"fr_FR\" \/>\n<meta property=\"og:type\" content=\"article\" \/>\n<meta property=\"og:title\" content=\"Our Leadership Team | SmartDev\" \/>\n<meta property=\"og:description\" content=\"Meet the dedicated leaders driving SmartDev\u2019s growth and innovation. Our leadership team is committed to fostering collaboration and success. Learn more about them today!\" \/>\n<meta property=\"og:url\" content=\"https:\/\/smartdev.com\/fr\/our-leadership-team\/\" \/>\n<meta property=\"og:site_name\" content=\"SmartDev\" \/>\n<meta property=\"article:publisher\" content=\"https:\/\/www.youtube.com\/@smartdevllc\" \/>\n<meta property=\"article:modified_time\" content=\"2025-04-14T03:42:01+00:00\" \/>\n<meta property=\"og:image\" content=\"https:\/\/smartdev.com\/wp-content\/uploads\/2025\/04\/SMD-Logo-New-Main-scaled.png\" \/>\n\t<meta property=\"og:image:width\" content=\"2560\" \/>\n\t<meta property=\"og:image:height\" content=\"550\" \/>\n\t<meta property=\"og:image:type\" content=\"image\/png\" \/>\n<meta name=\"twitter:card\" content=\"summary_large_image\" \/>\n<meta name=\"twitter:site\" content=\"@smartdevllc\" \/>\n<meta name=\"twitter:label1\" content=\"Dur\u00e9e de lecture estim\u00e9e\" \/>\n\t<meta name=\"twitter:data1\" content=\"4 minutes\" \/>\n<script type=\"application\/ld+json\" class=\"yoast-schema-graph\">{\"@context\":\"https:\\\/\\\/schema.org\",\"@graph\":[{\"@type\":\"WebPage\",\"@id\":\"https:\\\/\\\/smartdev.com\\\/fr\\\/our-leadership-team\\\/\",\"url\":\"https:\\\/\\\/smartdev.com\\\/fr\\\/our-leadership-team\\\/\",\"name\":\"Our Leadership Team | SmartDev\",\"isPartOf\":{\"@id\":\"https:\\\/\\\/smartdev.com\\\/fr\\\/#website\"},\"datePublished\":\"2024-07-17T07:16:42+00:00\",\"dateModified\":\"2025-04-14T03:42:01+00:00\",\"description\":\"Meet the dedicated leaders driving SmartDev\u2019s growth and innovation. Our leadership team is committed to fostering collaboration and success. Learn more about them today!\",\"breadcrumb\":{\"@id\":\"https:\\\/\\\/smartdev.com\\\/fr\\\/our-leadership-team\\\/#breadcrumb\"},\"inLanguage\":\"fr-FR\",\"potentialAction\":[{\"@type\":\"ReadAction\",\"target\":[\"https:\\\/\\\/smartdev.com\\\/fr\\\/our-leadership-team\\\/\"]}]},{\"@type\":\"BreadcrumbList\",\"@id\":\"https:\\\/\\\/smartdev.com\\\/fr\\\/our-leadership-team\\\/#breadcrumb\",\"itemListElement\":[{\"@type\":\"ListItem\",\"position\":1,\"name\":\"Home\",\"item\":\"https:\\\/\\\/smartdev.com\\\/\"},{\"@type\":\"ListItem\",\"position\":2,\"name\":\"Our Leadership Team\"}]},{\"@type\":\"WebSite\",\"@id\":\"https:\\\/\\\/smartdev.com\\\/fr\\\/#website\",\"url\":\"https:\\\/\\\/smartdev.com\\\/fr\\\/\",\"name\":\"SmartDev\",\"description\":\"Al Powered Software Development\",\"publisher\":{\"@id\":\"https:\\\/\\\/smartdev.com\\\/fr\\\/#organization\"},\"alternateName\":\"SmartDev\",\"potentialAction\":[{\"@type\":\"SearchAction\",\"target\":{\"@type\":\"EntryPoint\",\"urlTemplate\":\"https:\\\/\\\/smartdev.com\\\/fr\\\/?s={search_term_string}\"},\"query-input\":{\"@type\":\"PropertyValueSpecification\",\"valueRequired\":true,\"valueName\":\"search_term_string\"}}],\"inLanguage\":\"fr-FR\"},{\"@type\":\"Organization\",\"@id\":\"https:\\\/\\\/smartdev.com\\\/fr\\\/#organization\",\"name\":\"SmartDev\",\"alternateName\":\"SmartDev\",\"url\":\"https:\\\/\\\/smartdev.com\\\/fr\\\/\",\"logo\":{\"@type\":\"ImageObject\",\"inLanguage\":\"fr-FR\",\"@id\":\"https:\\\/\\\/smartdev.com\\\/fr\\\/#\\\/schema\\\/logo\\\/image\\\/\",\"url\":\"https:\\\/\\\/smartdev.com\\\/wp-content\\\/uploads\\\/2025\\\/04\\\/SMD-Logo-New-Main-scaled.png\",\"contentUrl\":\"https:\\\/\\\/smartdev.com\\\/wp-content\\\/uploads\\\/2025\\\/04\\\/SMD-Logo-New-Main-scaled.png\",\"width\":2560,\"height\":550,\"caption\":\"SmartDev\"},\"image\":{\"@id\":\"https:\\\/\\\/smartdev.com\\\/fr\\\/#\\\/schema\\\/logo\\\/image\\\/\"},\"sameAs\":[\"https:\\\/\\\/www.youtube.com\\\/@smartdevllc\",\"https:\\\/\\\/x.com\\\/smartdevllc\",\"https:\\\/\\\/www.linkedin.com\\\/company\\\/4873071\\\/\"]}]}<\/script>\n<!-- \/ Yoast SEO plugin. -->","yoast_head_json":{"title":"Notre \u00e9quipe de direction | SmartDev","description":"Rencontrez les dirigeants d\u00e9vou\u00e9s qui stimulent la croissance et l&#039;innovation de SmartDev. Notre \u00e9quipe de direction s&#039;engage \u00e0 favoriser la collaboration et la r\u00e9ussite. Apprenez-en plus d\u00e8s aujourd&#039;hui\u00a0!","robots":{"index":"index","follow":"follow","max-snippet":"max-snippet:-1","max-image-preview":"max-image-preview:large","max-video-preview":"max-video-preview:-1"},"canonical":"https:\/\/smartdev.com\/fr\/our-leadership-team\/","og_locale":"fr_FR","og_type":"article","og_title":"Our Leadership Team | SmartDev","og_description":"Meet the dedicated leaders driving SmartDev\u2019s growth and innovation. Our leadership team is committed to fostering collaboration and success. Learn more about them today!","og_url":"https:\/\/smartdev.com\/fr\/our-leadership-team\/","og_site_name":"SmartDev","article_publisher":"https:\/\/www.youtube.com\/@smartdevllc","article_modified_time":"2025-04-14T03:42:01+00:00","og_image":[{"width":2560,"height":550,"url":"https:\/\/smartdev.com\/wp-content\/uploads\/2025\/04\/SMD-Logo-New-Main-scaled.png","type":"image\/png"}],"twitter_card":"summary_large_image","twitter_site":"@smartdevllc","twitter_misc":{"Dur\u00e9e de lecture estim\u00e9e":"4 minutes"},"schema":{"@context":"https:\/\/schema.org","@graph":[{"@type":"WebPage","@id":"https:\/\/smartdev.com\/fr\/our-leadership-team\/","url":"https:\/\/smartdev.com\/fr\/our-leadership-team\/","name":"Notre \u00e9quipe de direction | SmartDev","isPartOf":{"@id":"https:\/\/smartdev.com\/fr\/#website"},"datePublished":"2024-07-17T07:16:42+00:00","dateModified":"2025-04-14T03:42:01+00:00","description":"Rencontrez les dirigeants d\u00e9vou\u00e9s qui stimulent la croissance et l&#039;innovation de SmartDev. Notre \u00e9quipe de direction s&#039;engage \u00e0 favoriser la collaboration et la r\u00e9ussite. Apprenez-en plus d\u00e8s aujourd&#039;hui\u00a0!","breadcrumb":{"@id":"https:\/\/smartdev.com\/fr\/our-leadership-team\/#breadcrumb"},"inLanguage":"fr-FR","potentialAction":[{"@type":"ReadAction","target":["https:\/\/smartdev.com\/fr\/our-leadership-team\/"]}]},{"@type":"BreadcrumbList","@id":"https:\/\/smartdev.com\/fr\/our-leadership-team\/#breadcrumb","itemListElement":[{"@type":"ListItem","position":1,"name":"Home","item":"https:\/\/smartdev.com\/"},{"@type":"ListItem","position":2,"name":"Our Leadership Team"}]},{"@type":"WebSite","@id":"https:\/\/smartdev.com\/fr\/#website","url":"https:\/\/smartdev.com\/fr\/","name":"SmartDev","description":"D\u00e9veloppement de logiciels aliment\u00e9 par l&#039;IA","publisher":{"@id":"https:\/\/smartdev.com\/fr\/#organization"},"alternateName":"SmartDev","potentialAction":[{"@type":"SearchAction","target":{"@type":"EntryPoint","urlTemplate":"https:\/\/smartdev.com\/fr\/?s={search_term_string}"},"query-input":{"@type":"PropertyValueSpecification","valueRequired":true,"valueName":"search_term_string"}}],"inLanguage":"fr-FR"},{"@type":"Organization","@id":"https:\/\/smartdev.com\/fr\/#organization","name":"SmartDev","alternateName":"SmartDev","url":"https:\/\/smartdev.com\/fr\/","logo":{"@type":"ImageObject","inLanguage":"fr-FR","@id":"https:\/\/smartdev.com\/fr\/#\/schema\/logo\/image\/","url":"https:\/\/smartdev.com\/wp-content\/uploads\/2025\/04\/SMD-Logo-New-Main-scaled.png","contentUrl":"https:\/\/smartdev.com\/wp-content\/uploads\/2025\/04\/SMD-Logo-New-Main-scaled.png","width":2560,"height":550,"caption":"SmartDev"},"image":{"@id":"https:\/\/smartdev.com\/fr\/#\/schema\/logo\/image\/"},"sameAs":["https:\/\/www.youtube.com\/@smartdevllc","https:\/\/x.com\/smartdevllc","https:\/\/www.linkedin.com\/company\/4873071\/"]}]}},"_links":{"self":[{"href":"https:\/\/smartdev.com\/fr\/wp-json\/wp\/v2\/pages\/23881","targetHints":{"allow":["GET"]}}],"collection":[{"href":"https:\/\/smartdev.com\/fr\/wp-json\/wp\/v2\/pages"}],"about":[{"href":"https:\/\/smartdev.com\/fr\/wp-json\/wp\/v2\/types\/page"}],"author":[{"embeddable":true,"href":"https:\/\/smartdev.com\/fr\/wp-json\/wp\/v2\/users\/12"}],"replies":[{"embeddable":true,"href":"https:\/\/smartdev.com\/fr\/wp-json\/wp\/v2\/comments?post=23881"}],"version-history":[{"count":0,"href":"https:\/\/smartdev.com\/fr\/wp-json\/wp\/v2\/pages\/23881\/revisions"}],"wp:attachment":[{"href":"https:\/\/smartdev.com\/fr\/wp-json\/wp\/v2\/media?parent=23881"}],"curies":[{"name":"wp","href":"https:\/\/api.w.org\/{rel}","templated":true}]}}